{"id":1085,"date":"2016-07-14T02:28:08","date_gmt":"2016-07-14T02:28:08","guid":{"rendered":"http:\/\/www.kiloniuton.pl\/?page_id=8"},"modified":"2025-02-08T16:41:16","modified_gmt":"2025-02-08T16:41:16","slug":"projekty","status":"publish","type":"page","link":"https:\/\/www.kiloniuton.pl\/?page_id=1085","title":{"rendered":"PROJEKTY"},"content":{"rendered":"<div class=\"fusion-fullwidth fullwidth-box fusion-builder-row-1 fusion-flex-container has-pattern-background has-mask-background nonhundred-percent-fullwidth non-hundred-percent-height-scrolling\" style=\"--awb-border-radius-top-left:0px;--awb-border-radius-top-right:0px;--awb-border-radius-bottom-right:0px;--awb-border-radius-bottom-left:0px;--awb-margin-top:50px;--awb-margin-bottom:0px;--awb-flex-wrap:wrap;\" ><div class=\"fusion-builder-row fusion-row fusion-flex-align-items-flex-start fusion-flex-content-wrap\" style=\"max-width:1872px;margin-left: calc(-4% \/ 2 );margin-right: calc(-4% \/ 2 );\"><div class=\"fusion-layout-column fusion_builder_column fusion-builder-column-0 fusion_builder_column_1_1 1_1 fusion-flex-column\" style=\"--awb-bg-size:cover;--awb-width-large:100%;--awb-margin-top-large:0px;--awb-spacing-right-large:1.92%;--awb-margin-bottom-large:0px;--awb-spacing-left-large:1.92%;--awb-width-medium:100%;--awb-order-medium:0;--awb-spacing-right-medium:1.92%;--awb-spacing-left-medium:1.92%;--awb-width-small:100%;--awb-order-small:0;--awb-spacing-right-small:1.92%;--awb-spacing-left-small:1.92%;\"><div class=\"fusion-column-wrapper fusion-column-has-shadow fusion-flex-justify-content-flex-start fusion-content-layout-column\"><style type=\"text\/css\">.fusion-portfolio-wrapper#fusion-portfolio-1 .fusion-portfolio-content{ padding: 25px 25px 25px 25px; text-align: left; }<\/style><div class=\"fusion-recent-works fusion-portfolio-element fusion-portfolio fusion-portfolio-1 fusion-portfolio-masonry fusion-portfolio-paging-infinite fusion-portfolio-three fusion-portfolio-boxed fusion-portfolio-text fusion-portfolio-rollover fusion-animated\" data-id=\"-rw-1\" data-columns=\"three\" data-animationType=\"fadeInLeft\" data-animationDuration=\"2.6\" data-animationOffset=\"top-into-view\"><div><ul class=\"fusion-filters\" role=\"menu\" aria-label=\"Portfolio Filters\"><li role=\"presentation\" class=\"fusion-filter fusion-filter-all fusion-active\"><a href=\"#\" data-filter=\"*\" role=\"menuitem\">All<\/a><\/li><li role=\"presentation\" class=\"fusion-filter fusion-hidden\"><a href=\"#\" data-filter=\".architektura\" role=\"menuitem\">Architektura<\/a><\/li><li role=\"presentation\" class=\"fusion-filter fusion-hidden\"><a href=\"#\" data-filter=\".bim\" role=\"menuitem\">BIM<\/a><\/li><li role=\"presentation\" class=\"fusion-filter fusion-hidden\"><a href=\"#\" data-filter=\".konstrukcja\" role=\"menuitem\">Konstrukcja<\/a><\/li><\/ul><\/div><style type=\"text\/css\">.fusion-portfolio-1 .fusion-portfolio-wrapper .fusion-col-spacing{padding:7.5px;}<\/style><div class=\"fusion-portfolio-wrapper\" id=\"fusion-portfolio-1\" data-picturesize=\"auto\" data-pages=\"1\" style=\"margin:-7.5px;\"><article class=\"fusion-portfolio-post fusion-grid-sizer\"><\/article><article id=\"portfolio-1-post-1296\" class=\"fusion-portfolio-post architektura fusion-col-spacing post-1296 fusion-element-grid\"><div class=\"fusion-portfolio-content-wrapper\" style=\"border:1px solid #ffffff;border-bottom-width:3px;\"><span class=\"vcard rich-snippet-hidden\"><span class=\"fn\"><a href=\"https:\/\/www.kiloniuton.pl\/?author=1\" title=\"Wpisy od admin\" rel=\"author\">admin<\/a><\/span><\/span><span class=\"updated rich-snippet-hidden\">2025-02-08T15:40:23+00:00<\/span><div  class=\"fusion-masonry-element-container fusion-image-wrapper\" style=\"background-image:url(https:\/\/www.kiloniuton.pl\/wp-content\/uploads\/2023\/12\/W.Pak_.2-scaled.jpg);padding-top:calc((100% + 11px) * 0.8 - 7.5px);\" aria-haspopup=\"true\">\n\t\t\t\t<img decoding=\"async\" width=\"2560\" height=\"1440\" src=\"https:\/\/www.kiloniuton.pl\/wp-content\/uploads\/2023\/12\/W.Pak_.2-scaled.jpg\" class=\"attachment-full size-full wp-post-image\" alt=\"\" srcset=\"https:\/\/www.kiloniuton.pl\/wp-content\/uploads\/2023\/12\/W.Pak_.2-200x113.jpg 200w, https:\/\/www.kiloniuton.pl\/wp-content\/uploads\/2023\/12\/W.Pak_.2-400x225.jpg 400w, https:\/\/www.kiloniuton.pl\/wp-content\/uploads\/2023\/12\/W.Pak_.2-600x338.jpg 600w, https:\/\/www.kiloniuton.pl\/wp-content\/uploads\/2023\/12\/W.Pak_.2-800x450.jpg 800w, https:\/\/www.kiloniuton.pl\/wp-content\/uploads\/2023\/12\/W.Pak_.2-1200x675.jpg 1200w, https:\/\/www.kiloniuton.pl\/wp-content\/uploads\/2023\/12\/W.Pak_.2-scaled.jpg 2560w\" sizes=\"(min-width: 2200px) 100vw, (min-width: 784px) 590px, (min-width: 712px) 784px, (min-width: 640px) 712px, \" \/><div class=\"fusion-rollover\">\n\t<div class=\"fusion-rollover-content\">\n\n\t\t\t\t\t\t\t\t\t\t\t\t\t\t<a class=\"fusion-rollover-link\" href=\"https:\/\/www.kiloniuton.pl\/?avada_portfolio=budynek-magazynowy\">Budynek magazynowy<\/a>\n\t\t\t\n\t\t\t\t\t\t\t\t\n\t\t\n\t\t\t\t\t\t\t\t\n\t\t\t\t\t\t\t\t\n\t\t\n\t\t\t\t\t\t<a class=\"fusion-link-wrapper\" href=\"https:\/\/www.kiloniuton.pl\/?avada_portfolio=budynek-magazynowy\" aria-label=\"Budynek magazynowy\"><\/a>\n\t<\/div>\n<\/div>\n<\/div>\n<div class=\"fusion-portfolio-content\" style=\"bottom:0px;left:0px;right:0px;background-color:rgba(255,255,255,0);z-index:1;position:absolute;margin:0;\"><div class=\"fusion-post-content\"><\/div><\/div><\/div><\/article><article id=\"portfolio-1-post-1289\" class=\"fusion-portfolio-post fusion-col-spacing post-1289 fusion-element-grid\"><div class=\"fusion-portfolio-content-wrapper\" style=\"border:1px solid #ffffff;border-bottom-width:3px;\"><span class=\"vcard rich-snippet-hidden\"><span class=\"fn\"><a href=\"https:\/\/www.kiloniuton.pl\/?author=1\" title=\"Wpisy od admin\" rel=\"author\">admin<\/a><\/span><\/span><span class=\"updated rich-snippet-hidden\">2023-12-07T18:02:38+00:00<\/span><div  class=\"fusion-masonry-element-container fusion-image-wrapper\" style=\"background-image:url(https:\/\/www.kiloniuton.pl\/wp-content\/uploads\/2023\/12\/MICEL-PW-scaled.jpg);padding-top:calc((100% + 11px) * 0.8 - 7.5px);\" aria-haspopup=\"true\">\n\t\t\t\t<img decoding=\"async\" width=\"2560\" height=\"1518\" src=\"https:\/\/www.kiloniuton.pl\/wp-content\/uploads\/2023\/12\/MICEL-PW-scaled.jpg\" class=\"attachment-full size-full wp-post-image\" alt=\"\" srcset=\"https:\/\/www.kiloniuton.pl\/wp-content\/uploads\/2023\/12\/MICEL-PW-200x119.jpg 200w, https:\/\/www.kiloniuton.pl\/wp-content\/uploads\/2023\/12\/MICEL-PW-400x237.jpg 400w, https:\/\/www.kiloniuton.pl\/wp-content\/uploads\/2023\/12\/MICEL-PW-600x356.jpg 600w, https:\/\/www.kiloniuton.pl\/wp-content\/uploads\/2023\/12\/MICEL-PW-800x474.jpg 800w, https:\/\/www.kiloniuton.pl\/wp-content\/uploads\/2023\/12\/MICEL-PW-1200x711.jpg 1200w, https:\/\/www.kiloniuton.pl\/wp-content\/uploads\/2023\/12\/MICEL-PW-scaled.jpg 2560w\" sizes=\"(min-width: 2200px) 100vw, (min-width: 784px) 590px, (min-width: 712px) 784px, (min-width: 640px) 712px, \" \/><div class=\"fusion-rollover\">\n\t<div class=\"fusion-rollover-content\">\n\n\t\t\t\t\t\t\t\t\t\t\t\t\t\t<a class=\"fusion-rollover-link\" href=\"https:\/\/www.kiloniuton.pl\/?avada_portfolio=budynek-produkcyjno-magazynowy-z-czescia-biurowa\">Budynek produkcyjno-magazynowy z cz\u0119\u015bci\u0105 biurow\u0105<\/a>\n\t\t\t\n\t\t\t\t\t\t\t\t\n\t\t\n\t\t\t\t\t\t\t\t\n\t\t\t\t\t\t\t\t\n\t\t\n\t\t\t\t\t\t<a class=\"fusion-link-wrapper\" href=\"https:\/\/www.kiloniuton.pl\/?avada_portfolio=budynek-produkcyjno-magazynowy-z-czescia-biurowa\" aria-label=\"Budynek produkcyjno-magazynowy z cz\u0119\u015bci\u0105 biurow\u0105\"><\/a>\n\t<\/div>\n<\/div>\n<\/div>\n<div class=\"fusion-portfolio-content\" style=\"bottom:0px;left:0px;right:0px;background-color:rgba(255,255,255,0);z-index:1;position:absolute;margin:0;\"><div class=\"fusion-post-content\"><\/div><\/div><\/div><\/article><article id=\"portfolio-1-post-1286\" class=\"fusion-portfolio-post architektura bim konstrukcja fusion-col-spacing post-1286 fusion-element-grid\"><div class=\"fusion-portfolio-content-wrapper\" style=\"border:1px solid #ffffff;border-bottom-width:3px;\"><span class=\"vcard rich-snippet-hidden\"><span class=\"fn\"><a href=\"https:\/\/www.kiloniuton.pl\/?author=1\" title=\"Wpisy od admin\" rel=\"author\">admin<\/a><\/span><\/span><span class=\"updated rich-snippet-hidden\">2025-02-08T15:46:04+00:00<\/span><div  class=\"fusion-masonry-element-container fusion-image-wrapper\" style=\"background-image:url(https:\/\/www.kiloniuton.pl\/wp-content\/uploads\/2023\/12\/Sienkiewicza.3-scaled.jpg);padding-top:calc((100% + 11px) * 0.8 - 7.5px);\" aria-haspopup=\"true\">\n\t\t\t\t<img decoding=\"async\" width=\"2560\" height=\"1536\" src=\"https:\/\/www.kiloniuton.pl\/wp-content\/uploads\/2023\/12\/Sienkiewicza.3-scaled.jpg\" class=\"attachment-full size-full wp-post-image\" alt=\"\" srcset=\"https:\/\/www.kiloniuton.pl\/wp-content\/uploads\/2023\/12\/Sienkiewicza.3-200x120.jpg 200w, https:\/\/www.kiloniuton.pl\/wp-content\/uploads\/2023\/12\/Sienkiewicza.3-400x240.jpg 400w, https:\/\/www.kiloniuton.pl\/wp-content\/uploads\/2023\/12\/Sienkiewicza.3-600x360.jpg 600w, https:\/\/www.kiloniuton.pl\/wp-content\/uploads\/2023\/12\/Sienkiewicza.3-800x480.jpg 800w, https:\/\/www.kiloniuton.pl\/wp-content\/uploads\/2023\/12\/Sienkiewicza.3-1200x720.jpg 1200w, https:\/\/www.kiloniuton.pl\/wp-content\/uploads\/2023\/12\/Sienkiewicza.3-scaled.jpg 2560w\" sizes=\"(min-width: 2200px) 100vw, (min-width: 784px) 590px, (min-width: 712px) 784px, (min-width: 640px) 712px, \" \/><div class=\"fusion-rollover\">\n\t<div class=\"fusion-rollover-content\">\n\n\t\t\t\t\t\t\t\t\t\t\t\t\t\t<a class=\"fusion-rollover-link\" href=\"https:\/\/www.kiloniuton.pl\/?avada_portfolio=osiedle-budynkow-mieszkalnych-jednorodzinnych\">Osiedle budynk\u00f3w mieszkalnych jednorodzinnych<\/a>\n\t\t\t\n\t\t\t\t\t\t\t\t\n\t\t\n\t\t\t\t\t\t\t\t\n\t\t\t\t\t\t\t\t\n\t\t\n\t\t\t\t\t\t<a class=\"fusion-link-wrapper\" href=\"https:\/\/www.kiloniuton.pl\/?avada_portfolio=osiedle-budynkow-mieszkalnych-jednorodzinnych\" aria-label=\"Osiedle budynk\u00f3w mieszkalnych jednorodzinnych\"><\/a>\n\t<\/div>\n<\/div>\n<\/div>\n<div class=\"fusion-portfolio-content\" style=\"bottom:0px;left:0px;right:0px;background-color:rgba(255,255,255,0);z-index:1;position:absolute;margin:0;\"><div class=\"fusion-post-content\"><\/div><\/div><\/div><\/article><article id=\"portfolio-1-post-1282\" class=\"fusion-portfolio-post fusion-col-spacing post-1282 fusion-element-grid\"><div class=\"fusion-portfolio-content-wrapper\" style=\"border:1px solid #ffffff;border-bottom-width:3px;\"><span class=\"vcard rich-snippet-hidden\"><span class=\"fn\"><a href=\"https:\/\/www.kiloniuton.pl\/?author=1\" title=\"Wpisy od admin\" rel=\"author\">admin<\/a><\/span><\/span><span class=\"updated rich-snippet-hidden\">2023-12-07T17:53:58+00:00<\/span><div  class=\"fusion-masonry-element-container fusion-image-wrapper\" style=\"background-image:url(https:\/\/www.kiloniuton.pl\/wp-content\/uploads\/2023\/12\/WARIANT.3.jpg);padding-top:calc((100% + 11px) * 0.8 - 7.5px);\" aria-haspopup=\"true\">\n\t\t\t\t<img decoding=\"async\" width=\"1920\" height=\"1080\" src=\"https:\/\/www.kiloniuton.pl\/wp-content\/uploads\/2023\/12\/WARIANT.3.jpg\" class=\"attachment-full size-full wp-post-image\" alt=\"\" srcset=\"https:\/\/www.kiloniuton.pl\/wp-content\/uploads\/2023\/12\/WARIANT.3-200x113.jpg 200w, https:\/\/www.kiloniuton.pl\/wp-content\/uploads\/2023\/12\/WARIANT.3-400x225.jpg 400w, https:\/\/www.kiloniuton.pl\/wp-content\/uploads\/2023\/12\/WARIANT.3-600x338.jpg 600w, https:\/\/www.kiloniuton.pl\/wp-content\/uploads\/2023\/12\/WARIANT.3-800x450.jpg 800w, https:\/\/www.kiloniuton.pl\/wp-content\/uploads\/2023\/12\/WARIANT.3-1200x675.jpg 1200w, https:\/\/www.kiloniuton.pl\/wp-content\/uploads\/2023\/12\/WARIANT.3.jpg 1920w\" sizes=\"(min-width: 2200px) 100vw, (min-width: 784px) 590px, (min-width: 712px) 784px, (min-width: 640px) 712px, \" \/><div class=\"fusion-rollover\">\n\t<div class=\"fusion-rollover-content\">\n\n\t\t\t\t\t\t\t\t\t\t\t\t\t\t<a class=\"fusion-rollover-link\" href=\"https:\/\/www.kiloniuton.pl\/?avada_portfolio=budynek-mieszkalny-wielorodzinny-4\">Budynek produkcyjno-magazynowy z cz\u0119\u015bci\u0105 biurow\u0105<\/a>\n\t\t\t\n\t\t\t\t\t\t\t\t\n\t\t\n\t\t\t\t\t\t\t\t\n\t\t\t\t\t\t\t\t\n\t\t\n\t\t\t\t\t\t<a class=\"fusion-link-wrapper\" href=\"https:\/\/www.kiloniuton.pl\/?avada_portfolio=budynek-mieszkalny-wielorodzinny-4\" aria-label=\"Budynek produkcyjno-magazynowy z cz\u0119\u015bci\u0105 biurow\u0105\"><\/a>\n\t<\/div>\n<\/div>\n<\/div>\n<div class=\"fusion-portfolio-content\" style=\"bottom:0px;left:0px;right:0px;background-color:rgba(255,255,255,0);z-index:1;position:absolute;margin:0;\"><div class=\"fusion-post-content\"><\/div><\/div><\/div><\/article><article id=\"portfolio-1-post-1275\" class=\"fusion-portfolio-post fusion-col-spacing post-1275 fusion-element-grid\"><div class=\"fusion-portfolio-content-wrapper\" style=\"border:1px solid #ffffff;border-bottom-width:3px;\"><span class=\"vcard rich-snippet-hidden\"><span class=\"fn\"><a href=\"https:\/\/www.kiloniuton.pl\/?author=1\" title=\"Wpisy od admin\" rel=\"author\">admin<\/a><\/span><\/span><span class=\"updated rich-snippet-hidden\">2023-12-07T17:50:55+00:00<\/span><div  class=\"fusion-masonry-element-container fusion-image-wrapper\" style=\"background-image:url(https:\/\/www.kiloniuton.pl\/wp-content\/uploads\/2023\/12\/IMG_6334-scaled.jpg);padding-top:calc((100% + 11px) * 0.8 - 7.5px);\" aria-haspopup=\"true\">\n\t\t\t\t<img decoding=\"async\" width=\"1956\" height=\"2560\" src=\"https:\/\/www.kiloniuton.pl\/wp-content\/uploads\/2023\/12\/IMG_6334-scaled.jpg\" class=\"attachment-full size-full wp-post-image\" alt=\"\" srcset=\"https:\/\/www.kiloniuton.pl\/wp-content\/uploads\/2023\/12\/IMG_6334-200x262.jpg 200w, https:\/\/www.kiloniuton.pl\/wp-content\/uploads\/2023\/12\/IMG_6334-400x523.jpg 400w, https:\/\/www.kiloniuton.pl\/wp-content\/uploads\/2023\/12\/IMG_6334-600x785.jpg 600w, https:\/\/www.kiloniuton.pl\/wp-content\/uploads\/2023\/12\/IMG_6334-800x1047.jpg 800w, https:\/\/www.kiloniuton.pl\/wp-content\/uploads\/2023\/12\/IMG_6334-1200x1570.jpg 1200w, https:\/\/www.kiloniuton.pl\/wp-content\/uploads\/2023\/12\/IMG_6334-scaled.jpg 1956w\" sizes=\"(min-width: 2200px) 100vw, (min-width: 784px) 590px, (min-width: 712px) 784px, (min-width: 640px) 712px, \" \/><div class=\"fusion-rollover\">\n\t<div class=\"fusion-rollover-content\">\n\n\t\t\t\t\t\t\t\t\t\t\t\t\t\t<a class=\"fusion-rollover-link\" href=\"https:\/\/www.kiloniuton.pl\/?avada_portfolio=budynek-mieszkalny-wielorodzinny-3\">Budynek mieszkalny wielorodzinny<\/a>\n\t\t\t\n\t\t\t\t\t\t\t\t\n\t\t\n\t\t\t\t\t\t\t\t\n\t\t\t\t\t\t\t\t\n\t\t\n\t\t\t\t\t\t<a class=\"fusion-link-wrapper\" href=\"https:\/\/www.kiloniuton.pl\/?avada_portfolio=budynek-mieszkalny-wielorodzinny-3\" aria-label=\"Budynek mieszkalny wielorodzinny\"><\/a>\n\t<\/div>\n<\/div>\n<\/div>\n<div class=\"fusion-portfolio-content\" style=\"bottom:0px;left:0px;right:0px;background-color:rgba(255,255,255,0);z-index:1;position:absolute;margin:0;\"><div class=\"fusion-post-content\"><\/div><\/div><\/div><\/article><article id=\"portfolio-1-post-1271\" class=\"fusion-portfolio-post architektura bim konstrukcja fusion-col-spacing post-1271 fusion-element-grid\"><div class=\"fusion-portfolio-content-wrapper\" style=\"border:1px solid #ffffff;border-bottom-width:3px;\"><span class=\"vcard rich-snippet-hidden\"><span class=\"fn\"><a href=\"https:\/\/www.kiloniuton.pl\/?author=1\" title=\"Wpisy od admin\" rel=\"author\">admin<\/a><\/span><\/span><span class=\"updated rich-snippet-hidden\">2025-02-08T15:46:22+00:00<\/span><div  class=\"fusion-masonry-element-container fusion-image-wrapper\" style=\"background-image:url(https:\/\/www.kiloniuton.pl\/wp-content\/uploads\/2023\/12\/Helio-biurowiec.jpg);padding-top:calc((100% + 11px) * 0.8 - 7.5px);\" aria-haspopup=\"true\">\n\t\t\t\t<img decoding=\"async\" width=\"1920\" height=\"1080\" src=\"https:\/\/www.kiloniuton.pl\/wp-content\/uploads\/2023\/12\/Helio-biurowiec.jpg\" class=\"attachment-full size-full wp-post-image\" alt=\"\" srcset=\"https:\/\/www.kiloniuton.pl\/wp-content\/uploads\/2023\/12\/Helio-biurowiec-200x113.jpg 200w, https:\/\/www.kiloniuton.pl\/wp-content\/uploads\/2023\/12\/Helio-biurowiec-400x225.jpg 400w, https:\/\/www.kiloniuton.pl\/wp-content\/uploads\/2023\/12\/Helio-biurowiec-600x338.jpg 600w, https:\/\/www.kiloniuton.pl\/wp-content\/uploads\/2023\/12\/Helio-biurowiec-800x450.jpg 800w, https:\/\/www.kiloniuton.pl\/wp-content\/uploads\/2023\/12\/Helio-biurowiec-1200x675.jpg 1200w, https:\/\/www.kiloniuton.pl\/wp-content\/uploads\/2023\/12\/Helio-biurowiec.jpg 1920w\" sizes=\"(min-width: 2200px) 100vw, (min-width: 784px) 590px, (min-width: 712px) 784px, (min-width: 640px) 712px, \" \/><div class=\"fusion-rollover\">\n\t<div class=\"fusion-rollover-content\">\n\n\t\t\t\t\t\t\t\t\t\t\t\t\t\t<a class=\"fusion-rollover-link\" href=\"https:\/\/www.kiloniuton.pl\/?avada_portfolio=budynek-mieszkalny-wielorodzinny-2\">Rozbudowa budynku biurowego<\/a>\n\t\t\t\n\t\t\t\t\t\t\t\t\n\t\t\n\t\t\t\t\t\t\t\t\n\t\t\t\t\t\t\t\t\n\t\t\n\t\t\t\t\t\t<a class=\"fusion-link-wrapper\" href=\"https:\/\/www.kiloniuton.pl\/?avada_portfolio=budynek-mieszkalny-wielorodzinny-2\" aria-label=\"Rozbudowa budynku biurowego\"><\/a>\n\t<\/div>\n<\/div>\n<\/div>\n<div class=\"fusion-portfolio-content\" style=\"bottom:0px;left:0px;right:0px;background-color:rgba(255,255,255,0);z-index:1;position:absolute;margin:0;\"><div class=\"fusion-post-content\"><\/div><\/div><\/div><\/article><article id=\"portfolio-1-post-1256\" class=\"fusion-portfolio-post fusion-col-spacing post-1256 fusion-element-grid\"><div class=\"fusion-portfolio-content-wrapper\" style=\"border:1px solid #ffffff;border-bottom-width:3px;\"><span class=\"vcard rich-snippet-hidden\"><span class=\"fn\"><a href=\"https:\/\/www.kiloniuton.pl\/?author=1\" title=\"Wpisy od admin\" rel=\"author\">admin<\/a><\/span><\/span><span class=\"updated rich-snippet-hidden\">2023-12-07T17:29:33+00:00<\/span><div  class=\"fusion-masonry-element-container fusion-image-wrapper\" style=\"background-image:url(https:\/\/www.kiloniuton.pl\/wp-content\/uploads\/2023\/03\/Zagospodarowanie-terenu-1.jpg);padding-top:calc((100% + 11px) * 0.8 - 7.5px);\" aria-haspopup=\"true\">\n\t\t\t\t<img decoding=\"async\" width=\"2048\" height=\"1075\" src=\"https:\/\/www.kiloniuton.pl\/wp-content\/uploads\/2023\/03\/Zagospodarowanie-terenu-1.jpg\" class=\"attachment-full size-full wp-post-image\" alt=\"\" srcset=\"https:\/\/www.kiloniuton.pl\/wp-content\/uploads\/2023\/03\/Zagospodarowanie-terenu-1-200x105.jpg 200w, https:\/\/www.kiloniuton.pl\/wp-content\/uploads\/2023\/03\/Zagospodarowanie-terenu-1-400x210.jpg 400w, https:\/\/www.kiloniuton.pl\/wp-content\/uploads\/2023\/03\/Zagospodarowanie-terenu-1-600x315.jpg 600w, https:\/\/www.kiloniuton.pl\/wp-content\/uploads\/2023\/03\/Zagospodarowanie-terenu-1-800x420.jpg 800w, https:\/\/www.kiloniuton.pl\/wp-content\/uploads\/2023\/03\/Zagospodarowanie-terenu-1-1200x630.jpg 1200w, https:\/\/www.kiloniuton.pl\/wp-content\/uploads\/2023\/03\/Zagospodarowanie-terenu-1.jpg 2048w\" sizes=\"(min-width: 2200px) 100vw, (min-width: 784px) 590px, (min-width: 712px) 784px, (min-width: 640px) 712px, \" \/><div class=\"fusion-rollover\">\n\t<div class=\"fusion-rollover-content\">\n\n\t\t\t\t\t\t\t\t\t\t\t\t\t\t<a class=\"fusion-rollover-link\" href=\"https:\/\/www.kiloniuton.pl\/?avada_portfolio=budynek-produkcyjno-magazynowy\">Budynek produkcyjno-magazynowy<\/a>\n\t\t\t\n\t\t\t\t\t\t\t\t\n\t\t\n\t\t\t\t\t\t\t\t\n\t\t\t\t\t\t\t\t\n\t\t\n\t\t\t\t\t\t<a class=\"fusion-link-wrapper\" href=\"https:\/\/www.kiloniuton.pl\/?avada_portfolio=budynek-produkcyjno-magazynowy\" aria-label=\"Budynek produkcyjno-magazynowy\"><\/a>\n\t<\/div>\n<\/div>\n<\/div>\n<div class=\"fusion-portfolio-content\" style=\"bottom:0px;left:0px;right:0px;background-color:rgba(255,255,255,0);z-index:1;position:absolute;margin:0;\"><div class=\"fusion-post-content\"><\/div><\/div><\/div><\/article><article id=\"portfolio-1-post-362\" class=\"fusion-portfolio-post fusion-col-spacing post-362 fusion-element-grid\"><div class=\"fusion-portfolio-content-wrapper\" style=\"border:1px solid #ffffff;border-bottom-width:3px;\"><span class=\"vcard rich-snippet-hidden\"><span class=\"fn\"><a href=\"https:\/\/www.kiloniuton.pl\/?author=1\" title=\"Wpisy od admin\" rel=\"author\">admin<\/a><\/span><\/span><span class=\"updated rich-snippet-hidden\">2023-12-07T17:38:08+00:00<\/span><div  class=\"fusion-masonry-element-container fusion-image-wrapper\" style=\"background-image:url(https:\/\/www.kiloniuton.pl\/wp-content\/uploads\/2023\/12\/cam2_final.jpg);padding-top:calc((100% + 11px) * 0.8 - 7.5px);\" aria-haspopup=\"true\">\n\t\t\t\t<img decoding=\"async\" width=\"2500\" height=\"1875\" src=\"https:\/\/www.kiloniuton.pl\/wp-content\/uploads\/2023\/12\/cam2_final.jpg\" class=\"attachment-full size-full wp-post-image\" alt=\"\" srcset=\"https:\/\/www.kiloniuton.pl\/wp-content\/uploads\/2023\/12\/cam2_final-200x150.jpg 200w, https:\/\/www.kiloniuton.pl\/wp-content\/uploads\/2023\/12\/cam2_final-400x300.jpg 400w, https:\/\/www.kiloniuton.pl\/wp-content\/uploads\/2023\/12\/cam2_final-600x450.jpg 600w, https:\/\/www.kiloniuton.pl\/wp-content\/uploads\/2023\/12\/cam2_final-800x600.jpg 800w, https:\/\/www.kiloniuton.pl\/wp-content\/uploads\/2023\/12\/cam2_final-1200x900.jpg 1200w, https:\/\/www.kiloniuton.pl\/wp-content\/uploads\/2023\/12\/cam2_final.jpg 2500w\" sizes=\"(min-width: 2200px) 100vw, (min-width: 784px) 590px, (min-width: 712px) 784px, (min-width: 640px) 712px, \" \/><div class=\"fusion-rollover\">\n\t<div class=\"fusion-rollover-content\">\n\n\t\t\t\t\t\t\t\t\t\t\t\t\t\t<a class=\"fusion-rollover-link\" href=\"https:\/\/www.kiloniuton.pl\/?avada_portfolio=budynek-mieszkalny-wielorodzinny\">Budynek mieszkalny wielorodzinny<\/a>\n\t\t\t\n\t\t\t\t\t\t\t\t\n\t\t\n\t\t\t\t\t\t\t\t\n\t\t\t\t\t\t\t\t\n\t\t\n\t\t\t\t\t\t<a class=\"fusion-link-wrapper\" href=\"https:\/\/www.kiloniuton.pl\/?avada_portfolio=budynek-mieszkalny-wielorodzinny\" aria-label=\"Budynek mieszkalny wielorodzinny\"><\/a>\n\t<\/div>\n<\/div>\n<\/div>\n<div class=\"fusion-portfolio-content\" style=\"bottom:0px;left:0px;right:0px;background-color:rgba(255,255,255,0);z-index:1;position:absolute;margin:0;\"><div class=\"fusion-post-content\"><\/div><\/div><\/div><\/article><\/div><\/div><\/div><\/div><\/div><\/div>\n","protected":false},"excerpt":{"rendered":"","protected":false},"author":1,"featured_media":0,"parent":0,"menu_order":0,"comment_status":"closed","ping_status":"closed","template":"100-width.php","meta":{"footnotes":""},"_links":{"self":[{"href":"https:\/\/www.kiloniuton.pl\/index.php?rest_route=\/wp\/v2\/pages\/1085"}],"collection":[{"href":"https:\/\/www.kiloniuton.pl\/index.php?rest_route=\/wp\/v2\/pages"}],"about":[{"href":"https:\/\/www.kiloniuton.pl\/index.php?rest_route=\/wp\/v2\/types\/page"}],"author":[{"embeddable":true,"href":"https:\/\/www.kiloniuton.pl\/index.php?rest_route=\/wp\/v2\/users\/1"}],"replies":[{"embeddable":true,"href":"https:\/\/www.kiloniuton.pl\/index.php?rest_route=%2Fwp%2Fv2%2Fcomments&post=1085"}],"version-history":[{"count":23,"href":"https:\/\/www.kiloniuton.pl\/index.php?rest_route=\/wp\/v2\/pages\/1085\/revisions"}],"predecessor-version":[{"id":1321,"href":"https:\/\/www.kiloniuton.pl\/index.php?rest_route=\/wp\/v2\/pages\/1085\/revisions\/1321"}],"wp:attachment":[{"href":"https:\/\/www.kiloniuton.pl\/index.php?rest_route=%2Fwp%2Fv2%2Fmedia&parent=1085"}],"curies":[{"name":"wp","href":"https:\/\/api.w.org\/{rel}","templated":true}]}}